{"id":94,"date":"2024-01-16T15:31:15","date_gmt":"2024-01-16T15:31:15","guid":{"rendered":"https:\/\/gv-elhogar-anglet.alwaysdata.net\/?page_id=94"},"modified":"2026-03-23T10:53:18","modified_gmt":"2026-03-23T10:53:18","slug":"activites","status":"publish","type":"page","link":"https:\/\/gv-elhogar-anglet.alwaysdata.net\/index.php\/activites\/","title":{"rendered":"Activit\u00e9s"},"content":{"rendered":"\n<div class=\"wp-block-media-text is-stacked-on-mobile is-vertically-aligned-center\" style=\"grid-template-columns:31% auto\"><figure class=\"wp-block-media-text__media\"><img loading=\"lazy\" decoding=\"async\" width=\"1024\" height=\"683\" src=\"http:\/\/gv-elhogar-anglet.alwaysdata.net\/wp-content\/uploads\/2024\/01\/gymactive-1-1024x683.jpg\" alt=\"GYM ACTIVE\" class=\"wp-image-91 size-full\" srcset=\"https:\/\/gv-elhogar-anglet.alwaysdata.net\/wp-content\/uploads\/2024\/01\/gymactive-1-1024x683.jpg 1024w, https:\/\/gv-elhogar-anglet.alwaysdata.net\/wp-content\/uploads\/2024\/01\/gymactive-1-300x200.jpg 300w, https:\/\/gv-elhogar-anglet.alwaysdata.net\/wp-content\/uploads\/2024\/01\/gymactive-1-768x512.jpg 768w, https:\/\/gv-elhogar-anglet.alwaysdata.net\/wp-content\/uploads\/2024\/01\/gymactive-1-1536x1024.jpg 1536w, https:\/\/gv-elhogar-anglet.alwaysdata.net\/wp-content\/uploads\/2024\/01\/gymactive-1-2048x1365.jpg 2048w, https:\/\/gv-elhogar-anglet.alwaysdata.net\/wp-content\/uploads\/2024\/01\/gymactive-1-450x300.jpg 450w\" sizes=\"(max-width: 1024px) 100vw, 1024px\" \/><\/figure><div class=\"wp-block-media-text__content\">\n<p><strong>GYM ACTIVE<\/strong><\/p>\n\n\n\n<p>La gymnastique Active permet de d\u00e9velopper son \u00e9quilibre, sa souplesse, sa tonicit\u00e9, de diversifier ses aptitudes physiques et apprendre \u00e0 g\u00e9rer ses d\u00e9penses \u00e9nerg\u00e9tiques.<br>Un cours d\u00e9bute par un \u00e9chauffement debout, suivi d&rsquo;un \u00ab corps de s\u00e9ance \u00bb qui varie entre renforcement musculaire (cuisses, bras, abdos-fessiers, etc\u2026.), des techniques cardio (a\u00e9ro-boxe, a\u00e9robic) ou des activit\u00e9s d&rsquo;expression (rythmiques ou chor\u00e9graphi\u00e9es), puis un retour au calme avec des \u00e9tirements et de la relaxation.<br>Le tout se d\u00e9roulant en musique.<\/p>\n<\/div><\/div>\n\n\n\n<div class=\"wp-block-media-text is-stacked-on-mobile\" style=\"grid-template-columns:30% auto\"><figure class=\"wp-block-media-text__media\"><img loading=\"lazy\" decoding=\"async\" width=\"275\" height=\"183\" src=\"http:\/\/gv-elhogar-anglet.alwaysdata.net\/wp-content\/uploads\/2024\/01\/step-2.jpg\" alt=\"photo step\" class=\"wp-image-81 size-full\"\/><\/figure><div class=\"wp-block-media-text__content\">\n<p><strong>STEP<\/strong><\/p>\n\n\n\n<p>Le Step est une discipline cardio-vasculaire et musculaire qui se pratique autour d&rsquo;une \u00ab\u00a0marche\u00a0\u00bb antid\u00e9rapante (step en anglais). Il s\u2019agit de r\u00e9aliser une chor\u00e9graphie sur une musique rythm\u00e9e, en montant, descendant ou tournant autour de son step, plus ou moins haut selon le niveau.<br>La chor\u00e9graphie fait ainsi travailler cuisses, mollets, fessiers, mais aussi les bras, dont les gestes se coordonnent \u00e0 ceux des jambes dans un jeu de combinaisons multiples. Monter, descendre, devant, derri\u00e8re, sur le c\u00f4t\u00e9, bras crois\u00e9s, bras en l\u2019air\u2026<\/p>\n<\/div><\/div>\n\n\n\n<div class=\"wp-block-media-text is-stacked-on-mobile\" style=\"grid-template-columns:27% auto\"><figure class=\"wp-block-media-text__media\"><img loading=\"lazy\" decoding=\"async\" width=\"385\" height=\"266\" src=\"http:\/\/gv-elhogar-anglet.alwaysdata.net\/wp-content\/uploads\/2024\/12\/aero-dace-ret.gif\" alt=\"\" class=\"wp-image-315 size-full\"\/><\/figure><div class=\"wp-block-media-text__content\">\n<p><strong>AERO DANCE<\/strong><\/p>\n\n\n\n<p><br>Dansons \u2013 coordonnons&nbsp;!<br>Ce cours demande de la coordination, de la concentration et fait travailler autant le cardio que l\u2019intellect. Id\u00e9al pour danser, bouger et transpirer tout en vous amusant.<br><strong>D\u00e9roulement du cours&nbsp;:<\/strong><br>1\u00e8re partie&nbsp;: l\u2019\u00e9chauffement&nbsp;<br>2\u00e8me partie&nbsp;: encha\u00eenement de plusieurs chor\u00e9graphies<br>3\u00e8me partie&nbsp;: l\u2019\u00e9tirement pour revenir au calme<\/p>\n<\/div><\/div>\n\n\n\n<div class=\"wp-block-media-text is-stacked-on-mobile is-vertically-aligned-center\" style=\"grid-template-columns:25% auto\"><figure class=\"wp-block-media-text__media\"><img loading=\"lazy\" decoding=\"async\" width=\"612\" height=\"411\" src=\"https:\/\/gv-elhogar-anglet.alwaysdata.net\/wp-content\/uploads\/2024\/12\/GYM-DU-DOS.jpg\" alt=\"\" class=\"wp-image-345 size-full\" srcset=\"https:\/\/gv-elhogar-anglet.alwaysdata.net\/wp-content\/uploads\/2024\/12\/GYM-DU-DOS.jpg 612w, https:\/\/gv-elhogar-anglet.alwaysdata.net\/wp-content\/uploads\/2024\/12\/GYM-DU-DOS-300x201.jpg 300w, https:\/\/gv-elhogar-anglet.alwaysdata.net\/wp-content\/uploads\/2024\/12\/GYM-DU-DOS-447x300.jpg 447w\" sizes=\"(max-width: 612px) 100vw, 612px\" \/><\/figure><div class=\"wp-block-media-text__content\">\n<p><strong>GYM DU DOS<\/strong><\/p>\n\n\n\n<p>Pour avoir un dos fort et en bonne sant\u00e9,&nbsp;ce cours permet de renforcer et \u00e9tirer son dos ainsi que ses abdos mais toujours en respectant son corps !<\/p>\n<\/div><\/div>\n\n\n\n<div class=\"wp-block-media-text is-stacked-on-mobile\" style=\"grid-template-columns:27% auto\"><figure class=\"wp-block-media-text__media\"><img loading=\"lazy\" decoding=\"async\" width=\"1024\" height=\"908\" src=\"http:\/\/gv-elhogar-anglet.alwaysdata.net\/wp-content\/uploads\/2024\/12\/memore-equilibre-1024x908.jpg\" alt=\"\" class=\"wp-image-313 size-full\" srcset=\"https:\/\/gv-elhogar-anglet.alwaysdata.net\/wp-content\/uploads\/2024\/12\/memore-equilibre-1024x908.jpg 1024w, https:\/\/gv-elhogar-anglet.alwaysdata.net\/wp-content\/uploads\/2024\/12\/memore-equilibre-300x266.jpg 300w, https:\/\/gv-elhogar-anglet.alwaysdata.net\/wp-content\/uploads\/2024\/12\/memore-equilibre-768x681.jpg 768w, https:\/\/gv-elhogar-anglet.alwaysdata.net\/wp-content\/uploads\/2024\/12\/memore-equilibre-1536x1362.jpg 1536w, https:\/\/gv-elhogar-anglet.alwaysdata.net\/wp-content\/uploads\/2024\/12\/memore-equilibre-2048x1815.jpg 2048w, https:\/\/gv-elhogar-anglet.alwaysdata.net\/wp-content\/uploads\/2024\/12\/memore-equilibre-338x300.jpg 338w\" sizes=\"(max-width: 1024px) 100vw, 1024px\" \/><\/figure><div class=\"wp-block-media-text__content\">\n<p><strong>GYM  MEMOIRE  EQUILIBRE<\/strong><\/p>\n\n\n\n<p><br>C&rsquo;est une activit\u00e9 qui permet de travailler de mani\u00e8re ludique son \u00e9quilibre et sa m\u00e9moire, par le biais de l&rsquo;activit\u00e9 physique.<br>Nous travaillons sur la concentration, l&rsquo;attention, l\u2019am\u00e9lioration de son \u00e9quilibre ainsi que la pr\u00e9vention des chutes.<br>Tout se d\u00e9roule dans l&rsquo;\u00e9coute et la bienveillance du groupe de 20 pers maximum.<br>On apprend \u00e0 adapter les bons r\u00e9flexes \u00e0 un geste de pr\u00e9vention, afin d&rsquo;am\u00e9liorer la vie quotidienne de nos adh\u00e9rents.<\/p>\n<\/div><\/div>\n\n\n\n<div class=\"wp-block-media-text is-stacked-on-mobile is-vertically-aligned-center\" style=\"grid-template-columns:29% auto\"><figure class=\"wp-block-media-text__media\"><img loading=\"lazy\" decoding=\"async\" width=\"276\" height=\"183\" src=\"http:\/\/gv-elhogar-anglet.alwaysdata.net\/wp-content\/uploads\/2024\/01\/gym-seniors.jpg\" alt=\"GYM SENIORS\" class=\"wp-image-78 size-full\"\/><\/figure><div class=\"wp-block-media-text__content\">\n<p><strong>GYM VITALITE<\/strong><\/p>\n\n\n\n<p>La gymnastique Seniors permet de d\u00e9velopper une bonne condition physique et conserver un capital sant\u00e9 gr\u00e2ce \u00e0 des s\u00e9ances vari\u00e9es et r\u00e9guli\u00e8res d\u2019exercices dynamiques de renforcement musculaire, de mobilit\u00e9 articulaire, de souplesse, des \u00e9tirements, d\u2019\u00e9quilibre ,de m\u00e9moire et des moments de relaxation. Les s\u00e9ances permettent de conserver mobilit\u00e9 et autonomie<\/p>\n<\/div><\/div>\n\n\n\n<div class=\"wp-block-media-text is-stacked-on-mobile\" style=\"grid-template-columns:27% auto\"><figure class=\"wp-block-media-text__media\"><img loading=\"lazy\" decoding=\"async\" width=\"245\" height=\"206\" src=\"http:\/\/gv-elhogar-anglet.alwaysdata.net\/wp-content\/uploads\/2024\/01\/pilates.jpg\" alt=\"PHOTO PILATES\" class=\"wp-image-80 size-full\"\/><\/figure><div class=\"wp-block-media-text__content\">\n<p><strong>PILATES<\/strong><\/p>\n\n\n\n<p>La m\u00e9thode Pilates nous apprend \u00e0 entra\u00eener nos muscles profonds. Elle rassemble des exercices qui exigent une ma\u00eetrise des mouvements et une certaine concentration.<br>La r\u00e9gularit\u00e9 est n\u00e9cessaire pour am\u00e9liorer la connaissance de son corps, de sa force et de sa souplesse. Cours limit\u00e9 \u00e0 10 personnes maximum.<\/p>\n<\/div><\/div>\n\n\n\n<div class=\"wp-block-media-text is-stacked-on-mobile\" style=\"grid-template-columns:27% auto\"><figure class=\"wp-block-media-text__media\"><img loading=\"lazy\" decoding=\"async\" width=\"300\" height=\"289\" src=\"https:\/\/gv-elhogar-anglet.alwaysdata.net\/wp-content\/uploads\/2024\/01\/stretching-ret-2.jpg\" alt=\"\" class=\"wp-image-119 size-full\"\/><\/figure><div class=\"wp-block-media-text__content\">\n<p><strong>STRETCHING<\/strong><\/p>\n\n\n\n<p>Le stretching, en fran\u00e7ais \u00ab\u00a0\u00e9tirement\u00a0\u00bb, am\u00e9liore la souplesse, l&rsquo;amplitude du mouvement et d\u00e9barrasse certains muscles de leur raideur. C&rsquo;est une m\u00e9thode dont l&rsquo;objectif est d&rsquo;assouplir le corps. Cela consiste essentiellement en la pratique d&rsquo;\u00e9tirements divers.<\/p>\n<\/div><\/div>\n\n\n\n<div class=\"wp-block-media-text is-stacked-on-mobile\" style=\"grid-template-columns:32% auto\"><figure class=\"wp-block-media-text__media\"><img loading=\"lazy\" decoding=\"async\" width=\"388\" height=\"238\" src=\"http:\/\/gv-elhogar-anglet.alwaysdata.net\/wp-content\/uploads\/2024\/01\/marche-nordique.png\" alt=\"photo marche nordique\" class=\"wp-image-123 size-full\" srcset=\"https:\/\/gv-elhogar-anglet.alwaysdata.net\/wp-content\/uploads\/2024\/01\/marche-nordique.png 388w, https:\/\/gv-elhogar-anglet.alwaysdata.net\/wp-content\/uploads\/2024\/01\/marche-nordique-300x184.png 300w\" sizes=\"(max-width: 388px) 100vw, 388px\" \/><\/figure><div class=\"wp-block-media-text__content\">\n<p><strong>LA MARCHE NORDIQUE<\/strong><\/p>\n\n\n\n<p>La marche nordique a pour principe d\u2019accentuer le mouvement de balancier naturel des bras \u00e0 l\u2019aide de deux b\u00e2tons.Le corps est ainsi propuls\u00e9 vers l\u2019avant.On va plus vite, plus loin avec moins de fatigue. La d\u00e9pense d\u2019\u00e9nergie est accrue et le plaisir de la pratique arrive d\u00e8s les premi\u00e8res foul\u00e9es car la technique est simple. Ces efforts musculaires stimulent la fonction cardio-respiratoire. Non seulement on respire et on r\u00e9cup\u00e8re mieux, mais on tonifie et amincit sa silhouette. A la diff\u00e9rence de la randonn\u00e9e, les b\u00e2tons ne sont pas pos\u00e9s verticalement en avant du corps mais sont orient\u00e9s pointes vers l&rsquo;arri\u00e8re, comme en ski de fond.Un sport accessible qui conjugue efficacit\u00e9 et convivialit\u00e9. Accessible \u00e0 tous, cette nouvelle pratique ravira les jeunes ou moins jeunes, quelle que soit leur condition physique.<\/p>\n<\/div><\/div>\n\n\n\n<p><\/p>\n","protected":false},"excerpt":{"rendered":"<p>GYM ACTIVE La gymnastique Active permet de d\u00e9velopper son \u00e9quilibre, sa souplesse, sa tonicit\u00e9, de diversifier ses aptitudes physiques et apprendre \u00e0 g\u00e9rer ses d\u00e9penses \u00e9nerg\u00e9tiques.Un cours d\u00e9bute par un \u00e9chauffement debout, suivi d&rsquo;un \u00ab corps de s\u00e9ance \u00bb qui &hellip; <a href=\"https:\/\/gv-elhogar-anglet.alwaysdata.net\/index.php\/activites\/\">Continuer la lecture <span class=\"meta-nav\">&rarr;<\/span><\/a><\/p>\n","protected":false},"author":1,"featured_media":0,"parent":0,"menu_order":0,"comment_status":"closed","ping_status":"closed","template":"","meta":{"footnotes":""},"class_list":["post-94","page","type-page","status-publish","hentry"],"_links":{"self":[{"href":"https:\/\/gv-elhogar-anglet.alwaysdata.net\/index.php\/wp-json\/wp\/v2\/pages\/94"}],"collection":[{"href":"https:\/\/gv-elhogar-anglet.alwaysdata.net\/index.php\/wp-json\/wp\/v2\/pages"}],"about":[{"href":"https:\/\/gv-elhogar-anglet.alwaysdata.net\/index.php\/wp-json\/wp\/v2\/types\/page"}],"author":[{"embeddable":true,"href":"https:\/\/gv-elhogar-anglet.alwaysdata.net\/index.php\/wp-json\/wp\/v2\/users\/1"}],"replies":[{"embeddable":true,"href":"https:\/\/gv-elhogar-anglet.alwaysdata.net\/index.php\/wp-json\/wp\/v2\/comments?post=94"}],"version-history":[{"count":13,"href":"https:\/\/gv-elhogar-anglet.alwaysdata.net\/index.php\/wp-json\/wp\/v2\/pages\/94\/revisions"}],"predecessor-version":[{"id":454,"href":"https:\/\/gv-elhogar-anglet.alwaysdata.net\/index.php\/wp-json\/wp\/v2\/pages\/94\/revisions\/454"}],"wp:attachment":[{"href":"https:\/\/gv-elhogar-anglet.alwaysdata.net\/index.php\/wp-json\/wp\/v2\/media?parent=94"}],"curies":[{"name":"wp","href":"https:\/\/api.w.org\/{rel}","templated":true}]}}