{"id":70,"date":"2024-01-16T13:52:08","date_gmt":"2024-01-16T13:52:08","guid":{"rendered":"https:\/\/gv-elhogar-anglet.alwaysdata.net\/?page_id=70"},"modified":"2025-11-28T17:18:13","modified_gmt":"2025-11-28T17:18:13","slug":"planning-saison-2023-2024","status":"publish","type":"page","link":"https:\/\/gv-elhogar-anglet.alwaysdata.net\/index.php\/planning-saison-2023-2024\/","title":{"rendered":"Planning et Tarifs"},"content":{"rendered":"\n<p><strong>Les tarifs sont d\u00e9gressifs \u00e0 partir du 5 janvier 2026. Merci de nous contacter<\/strong><\/p>\n\n\n\n<p><strong>Planning<\/strong><\/p>\n\n\n\n<p>Retrouvez toutes vos activit\u00e9s de la <strong>saison 2025-202<\/strong>6, les horaires et les lieux.<\/p>\n\n\n\n<p>Les cours de sont pas dispens\u00e9s pendant les cong\u00e9s scolaires et les jours f\u00e9ri\u00e9s.<\/p>\n\n\n\n<p><\/p>\n\n\n\n<div class=\"wp-block-media-text is-stacked-on-mobile\" style=\"grid-template-columns:24% auto\"><figure class=\"wp-block-media-text__media\"><img loading=\"lazy\" decoding=\"async\" width=\"150\" height=\"86\" src=\"http:\/\/gv-elhogar-anglet.alwaysdata.net\/wp-content\/uploads\/2024\/01\/Logo-Label-Qualite-Club-C-A064002-22-26-ret.jpg\" alt=\"\" class=\"wp-image-45 size-full\"\/><\/figure><div class=\"wp-block-media-text__content\">\n<p>Merci de cliquer sur le lien : <a href=\"http:\/\/gv-elhogar-anglet.alwaysdata.net\/wp-content\/uploads\/2025\/11\/PLANNING-EL-HOGAR-SAISON-2025-2026.pdf\" data-type=\"link\" data-id=\"http:\/\/gv-elhogar-anglet.alwaysdata.net\/wp-content\/uploads\/2025\/11\/PLANNING-EL-HOGAR-SAISON-2025-2026.pdf\">planning<\/a><\/p>\n<\/div><\/div>\n\n\n\n<p><strong>Tarifs<\/strong><\/p>\n\n\n\n<div class=\"wp-block-media-text is-stacked-on-mobile\" style=\"grid-template-columns:22% auto\"><figure class=\"wp-block-media-text__media\"><img loading=\"lazy\" decoding=\"async\" width=\"150\" height=\"86\" src=\"http:\/\/gv-elhogar-anglet.alwaysdata.net\/wp-content\/uploads\/2024\/01\/Logo-Label-Qualite-Club-C-A064002-22-26-ret.jpg\" alt=\"\" class=\"wp-image-45 size-full\"\/><\/figure><div class=\"wp-block-media-text__content\">\n<p>Merci de cliquer sur le lien : <a href=\"http:\/\/gv-elhogar-anglet.alwaysdata.net\/wp-content\/uploads\/2025\/07\/TARIFS-2025-2056-GYM-VOLONTAIRE-EL-HOGAR-ANGLET.pdf\">tarifs<\/a><\/p>\n<\/div><\/div>\n","protected":false},"excerpt":{"rendered":"<p>Les tarifs sont d\u00e9gressifs \u00e0 partir du 5 janvier 2026. Merci de nous contacter Planning Retrouvez toutes vos activit\u00e9s de la saison 2025-2026, les horaires et les lieux. Les cours de sont pas dispens\u00e9s pendant les cong\u00e9s scolaires et les &hellip; <a href=\"https:\/\/gv-elhogar-anglet.alwaysdata.net\/index.php\/planning-saison-2023-2024\/\">Continuer la lecture <span class=\"meta-nav\">&rarr;<\/span><\/a><\/p>\n","protected":false},"author":1,"featured_media":0,"parent":0,"menu_order":0,"comment_status":"closed","ping_status":"closed","template":"","meta":{"footnotes":""},"class_list":["post-70","page","type-page","status-publish","hentry"],"_links":{"self":[{"href":"https:\/\/gv-elhogar-anglet.alwaysdata.net\/index.php\/wp-json\/wp\/v2\/pages\/70"}],"collection":[{"href":"https:\/\/gv-elhogar-anglet.alwaysdata.net\/index.php\/wp-json\/wp\/v2\/pages"}],"about":[{"href":"https:\/\/gv-elhogar-anglet.alwaysdata.net\/index.php\/wp-json\/wp\/v2\/types\/page"}],"author":[{"embeddable":true,"href":"https:\/\/gv-elhogar-anglet.alwaysdata.net\/index.php\/wp-json\/wp\/v2\/users\/1"}],"replies":[{"embeddable":true,"href":"https:\/\/gv-elhogar-anglet.alwaysdata.net\/index.php\/wp-json\/wp\/v2\/comments?post=70"}],"version-history":[{"count":17,"href":"https:\/\/gv-elhogar-anglet.alwaysdata.net\/index.php\/wp-json\/wp\/v2\/pages\/70\/revisions"}],"predecessor-version":[{"id":444,"href":"https:\/\/gv-elhogar-anglet.alwaysdata.net\/index.php\/wp-json\/wp\/v2\/pages\/70\/revisions\/444"}],"wp:attachment":[{"href":"https:\/\/gv-elhogar-anglet.alwaysdata.net\/index.php\/wp-json\/wp\/v2\/media?parent=70"}],"curies":[{"name":"wp","href":"https:\/\/api.w.org\/{rel}","templated":true}]}}