{"id":317,"date":"2024-12-09T17:21:55","date_gmt":"2024-12-09T17:21:55","guid":{"rendered":"https:\/\/gv-elhogar-anglet.alwaysdata.net\/?page_id=317"},"modified":"2024-12-09T18:05:31","modified_gmt":"2024-12-09T18:05:31","slug":"animatrices","status":"publish","type":"page","link":"https:\/\/gv-elhogar-anglet.alwaysdata.net\/index.php\/animatrices\/","title":{"rendered":"Animatrices"},"content":{"rendered":"\n<p>Toutes nos animatrices sont dipl\u00f4m\u00e9es FFEPGV (F\u00e9d\u00e9ration Fran\u00e7aise d&rsquo;Education Physique et de Gymnastique Volontaire) et suivent r\u00e9guli\u00e8rement des stages de perfectionnement. ( Dipl\u00f4me F\u00e9d\u00e9ral\u00a0 EPGV, Brevet d&rsquo;Etat, formation Pilates, Step, stretching, Equilibre et pr\u00e9vention des chutes, Gym m\u00e9moire, De Gasquet Marche Nordique&#8230;.).<\/p>\n\n\n\n<div class=\"wp-block-media-text is-stacked-on-mobile is-vertically-aligned-top\" style=\"grid-template-columns:23% auto\"><figure class=\"wp-block-media-text__media\"><img loading=\"lazy\" decoding=\"async\" width=\"300\" height=\"300\" src=\"http:\/\/gv-elhogar-anglet.alwaysdata.net\/wp-content\/uploads\/2024\/02\/ELODIE-RET-ROND.jpg\" alt=\"\" class=\"wp-image-160 size-full\" srcset=\"https:\/\/gv-elhogar-anglet.alwaysdata.net\/wp-content\/uploads\/2024\/02\/ELODIE-RET-ROND.jpg 300w, https:\/\/gv-elhogar-anglet.alwaysdata.net\/wp-content\/uploads\/2024\/02\/ELODIE-RET-ROND-150x150.jpg 150w\" sizes=\"(max-width: 300px) 100vw, 300px\" \/><\/figure><div class=\"wp-block-media-text__content\">\n<p><strong>Elodie<\/strong><\/p>\n\n\n\n<p>Elodie\u00a0anime \u00a0les cours de gym active, gym vitalit\u00e9,\u00a0step, les cours de stretching, gym M\u00e9moire Equilibre et deux s\u00e9ances en ext\u00e9rieur de  Marche Nordique<\/p>\n<\/div><\/div>\n\n\n\n<div class=\"wp-block-media-text is-stacked-on-mobile is-vertically-aligned-center\" style=\"grid-template-columns:19% auto\"><figure class=\"wp-block-media-text__media\"><img loading=\"lazy\" decoding=\"async\" width=\"300\" height=\"391\" src=\"http:\/\/gv-elhogar-anglet.alwaysdata.net\/wp-content\/uploads\/2024\/02\/Isabelle-1.jpg\" alt=\"\" class=\"wp-image-157 size-full\" srcset=\"https:\/\/gv-elhogar-anglet.alwaysdata.net\/wp-content\/uploads\/2024\/02\/Isabelle-1.jpg 300w, https:\/\/gv-elhogar-anglet.alwaysdata.net\/wp-content\/uploads\/2024\/02\/Isabelle-1-230x300.jpg 230w\" sizes=\"(max-width: 300px) 100vw, 300px\" \/><\/figure><div class=\"wp-block-media-text__content\">\n<p><strong>Isabelle<\/strong><\/p>\n\n\n\n<p>Isabelle anime des cours de gym tonique, d&rsquo;a\u00e9rodance et de gym du dos.<\/p>\n\n\n\n<p class=\"has-text-align-left\">Une seule devise : prendre du plaisir !!<\/p>\n<\/div><\/div>\n\n\n\n<div class=\"wp-block-media-text is-stacked-on-mobile is-vertically-aligned-top\" style=\"grid-template-columns:22% auto\"><figure class=\"wp-block-media-text__media\"><img loading=\"lazy\" decoding=\"async\" width=\"430\" height=\"430\" src=\"http:\/\/gv-elhogar-anglet.alwaysdata.net\/wp-content\/uploads\/2024\/12\/Ophelie.jpg\" alt=\"\" class=\"wp-image-322 size-full\" srcset=\"https:\/\/gv-elhogar-anglet.alwaysdata.net\/wp-content\/uploads\/2024\/12\/Ophelie.jpg 430w, https:\/\/gv-elhogar-anglet.alwaysdata.net\/wp-content\/uploads\/2024\/12\/Ophelie-300x300.jpg 300w, https:\/\/gv-elhogar-anglet.alwaysdata.net\/wp-content\/uploads\/2024\/12\/Ophelie-150x150.jpg 150w\" sizes=\"(max-width: 430px) 100vw, 430px\" \/><\/figure><div class=\"wp-block-media-text__content\">\n<p><strong>Oph\u00e9lie<\/strong><\/p>\n\n\n\n<p>Oph\u00e9lie anime les cours de Pilates, Body Zen et Gym m\u00e9thode de Gasquet<\/p>\n<\/div><\/div>\n","protected":false},"excerpt":{"rendered":"<p>Toutes nos animatrices sont dipl\u00f4m\u00e9es FFEPGV (F\u00e9d\u00e9ration Fran\u00e7aise d&rsquo;Education Physique et de Gymnastique Volontaire) et suivent r\u00e9guli\u00e8rement des stages de perfectionnement. ( Dipl\u00f4me F\u00e9d\u00e9ral\u00a0 EPGV, Brevet d&rsquo;Etat, formation Pilates, Step, stretching, Equilibre et pr\u00e9vention des chutes, Gym m\u00e9moire, De Gasquet &hellip; <a href=\"https:\/\/gv-elhogar-anglet.alwaysdata.net\/index.php\/animatrices\/\">Continuer la lecture <span class=\"meta-nav\">&rarr;<\/span><\/a><\/p>\n","protected":false},"author":1,"featured_media":0,"parent":0,"menu_order":0,"comment_status":"closed","ping_status":"closed","template":"","meta":{"footnotes":""},"class_list":["post-317","page","type-page","status-publish","hentry"],"_links":{"self":[{"href":"https:\/\/gv-elhogar-anglet.alwaysdata.net\/index.php\/wp-json\/wp\/v2\/pages\/317"}],"collection":[{"href":"https:\/\/gv-elhogar-anglet.alwaysdata.net\/index.php\/wp-json\/wp\/v2\/pages"}],"about":[{"href":"https:\/\/gv-elhogar-anglet.alwaysdata.net\/index.php\/wp-json\/wp\/v2\/types\/page"}],"author":[{"embeddable":true,"href":"https:\/\/gv-elhogar-anglet.alwaysdata.net\/index.php\/wp-json\/wp\/v2\/users\/1"}],"replies":[{"embeddable":true,"href":"https:\/\/gv-elhogar-anglet.alwaysdata.net\/index.php\/wp-json\/wp\/v2\/comments?post=317"}],"version-history":[{"count":5,"href":"https:\/\/gv-elhogar-anglet.alwaysdata.net\/index.php\/wp-json\/wp\/v2\/pages\/317\/revisions"}],"predecessor-version":[{"id":323,"href":"https:\/\/gv-elhogar-anglet.alwaysdata.net\/index.php\/wp-json\/wp\/v2\/pages\/317\/revisions\/323"}],"wp:attachment":[{"href":"https:\/\/gv-elhogar-anglet.alwaysdata.net\/index.php\/wp-json\/wp\/v2\/media?parent=317"}],"curies":[{"name":"wp","href":"https:\/\/api.w.org\/{rel}","templated":true}]}}