{"id":133,"date":"2024-02-14T14:38:35","date_gmt":"2024-02-14T14:38:35","guid":{"rendered":"https:\/\/gv-elhogar-anglet.alwaysdata.net\/?page_id=133"},"modified":"2025-07-02T16:53:06","modified_gmt":"2025-07-02T16:53:06","slug":"inscriptions","status":"publish","type":"page","link":"https:\/\/gv-elhogar-anglet.alwaysdata.net\/index.php\/inscriptions\/","title":{"rendered":"Inscriptions"},"content":{"rendered":"\n<h2 class=\"wp-block-heading\">BULLETIN D\u2019ADH\u00c9SION OU RENOUVELLEMENT   SAISON 2024 2025<\/h2>\n\n\n\n<p class=\"has-text-align-center\">La nouvelle saison 2025-2026 d\u00e9butera le mercredi 3 septembre 2025 et se terminera le 30 juin 2026<\/p>\n\n\n\n<figure class=\"wp-block-image size-large\"><img loading=\"lazy\" decoding=\"async\" width=\"1024\" height=\"389\" src=\"http:\/\/gv-elhogar-anglet.alwaysdata.net\/wp-content\/uploads\/2024\/02\/photo-cours-GV-1024x389.jpg\" alt=\"\" class=\"wp-image-137\" srcset=\"https:\/\/gv-elhogar-anglet.alwaysdata.net\/wp-content\/uploads\/2024\/02\/photo-cours-GV-1024x389.jpg 1024w, https:\/\/gv-elhogar-anglet.alwaysdata.net\/wp-content\/uploads\/2024\/02\/photo-cours-GV-300x114.jpg 300w, https:\/\/gv-elhogar-anglet.alwaysdata.net\/wp-content\/uploads\/2024\/02\/photo-cours-GV-768x292.jpg 768w, https:\/\/gv-elhogar-anglet.alwaysdata.net\/wp-content\/uploads\/2024\/02\/photo-cours-GV-500x190.jpg 500w, https:\/\/gv-elhogar-anglet.alwaysdata.net\/wp-content\/uploads\/2024\/02\/photo-cours-GV.jpg 1200w\" sizes=\"(max-width: 1024px) 100vw, 1024px\" \/><\/figure>\n\n\n\n<p><strong>POUR S&rsquo;INSCRIRE:<\/strong> <\/p>\n\n\n\n<p>Merci de vous munir des documents suivants (tout dossier incomplet sera refus\u00e9)<\/p>\n\n\n\n<p class=\"has-text-align-left\">1- Le bulletin d&rsquo;adh\u00e9sion rempli et sign\u00e9 (merci de bien cocher les activit\u00e9s choisies)<\/p>\n\n\n\n<p>2- Le questionnaire de sant\u00e9 ou un certificat m\u00e9dical si vous avez r\u00e9pondu \u00ab\u00a0oui\u00a0\u00bb \u00e0 une des questions.<\/p>\n\n\n\n<p>3- Le r\u00e8glement par ch\u00e8que \u00e0 l&rsquo;ordre de la \u00ab\u00a0GV EL HOGAR\u00a0\u00bb<\/p>\n\n\n\n<p>Il est possible de s&rsquo;inscrire tout au long de l&rsquo;ann\u00e9e en fonction des places disponibles. Les tarifs sont d\u00e9gressifs \u00e0 partir du 6 janvier 2025. Merci de vous renseigner aupr\u00e8s du secr\u00e9tariat.<\/p>\n\n\n\n<p><strong>BULLETIN D&rsquo;ADHESION<\/strong><\/p>\n\n\n\n<p> Cliquez sur le lien pour t\u00e9l\u00e9charger le bulletin d&rsquo;inscription aux activit\u00e9s.<\/p>\n\n\n\n<p><a href=\"http:\/\/gv-elhogar-anglet.alwaysdata.net\/wp-content\/uploads\/2025\/07\/Bulletin-adhesion-2025-2026-docx.pdf\">Bulletin d&rsquo;inscription<\/a><\/p>\n\n\n\n<p><\/p>\n\n\n\n<h2 class=\"wp-block-heading\">MARCHE NORDIQUE<\/h2>\n\n\n\n<figure class=\"wp-block-image size-full\"><img loading=\"lazy\" decoding=\"async\" width=\"388\" height=\"238\" src=\"http:\/\/gv-elhogar-anglet.alwaysdata.net\/wp-content\/uploads\/2024\/01\/marche-nordique.png\" alt=\"photo marche nordique\" class=\"wp-image-123\" srcset=\"https:\/\/gv-elhogar-anglet.alwaysdata.net\/wp-content\/uploads\/2024\/01\/marche-nordique.png 388w, https:\/\/gv-elhogar-anglet.alwaysdata.net\/wp-content\/uploads\/2024\/01\/marche-nordique-300x184.png 300w\" sizes=\"(max-width: 388px) 100vw, 388px\" \/><\/figure>\n\n\n\n<p>Cliquez sur le lien pour t\u00e9l\u00e9charger le bulletin d&rsquo;inscription.<\/p>\n\n\n\n<p><a href=\"http:\/\/gv-elhogar-anglet.alwaysdata.net\/wp-content\/uploads\/2025\/07\/Bulletin-adhesion-Marche-Nordique2025-2026.pdf\">Bulletin d&rsquo;inscription marche nordique<\/a><\/p>\n\n\n\n<p><strong>QUESTIONNAIRE DE SANTE<\/strong><\/p>\n\n\n\n<p>Cliquer sur le lien pour t\u00e9l\u00e9charger le document.<\/p>\n\n\n\n<p><a href=\"http:\/\/gv-elhogar-anglet.alwaysdata.net\/wp-content\/uploads\/2025\/07\/Annexe-5-Questionnaire-de-sante-pour-le-sportif-majeur-2025-2026.pdf\">Questionnaire de sant\u00e9<\/a><\/p>\n\n\n\n<p><\/p>\n","protected":false},"excerpt":{"rendered":"<p>BULLETIN D\u2019ADH\u00c9SION OU RENOUVELLEMENT SAISON 2024 2025 La nouvelle saison 2025-2026 d\u00e9butera le mercredi 3 septembre 2025 et se terminera le 30 juin 2026 POUR S&rsquo;INSCRIRE: Merci de vous munir des documents suivants (tout dossier incomplet sera refus\u00e9) 1- Le &hellip; <a href=\"https:\/\/gv-elhogar-anglet.alwaysdata.net\/index.php\/inscriptions\/\">Continuer la lecture <span class=\"meta-nav\">&rarr;<\/span><\/a><\/p>\n","protected":false},"author":1,"featured_media":0,"parent":0,"menu_order":0,"comment_status":"closed","ping_status":"closed","template":"","meta":{"footnotes":""},"class_list":["post-133","page","type-page","status-publish","hentry"],"_links":{"self":[{"href":"https:\/\/gv-elhogar-anglet.alwaysdata.net\/index.php\/wp-json\/wp\/v2\/pages\/133"}],"collection":[{"href":"https:\/\/gv-elhogar-anglet.alwaysdata.net\/index.php\/wp-json\/wp\/v2\/pages"}],"about":[{"href":"https:\/\/gv-elhogar-anglet.alwaysdata.net\/index.php\/wp-json\/wp\/v2\/types\/page"}],"author":[{"embeddable":true,"href":"https:\/\/gv-elhogar-anglet.alwaysdata.net\/index.php\/wp-json\/wp\/v2\/users\/1"}],"replies":[{"embeddable":true,"href":"https:\/\/gv-elhogar-anglet.alwaysdata.net\/index.php\/wp-json\/wp\/v2\/comments?post=133"}],"version-history":[{"count":26,"href":"https:\/\/gv-elhogar-anglet.alwaysdata.net\/index.php\/wp-json\/wp\/v2\/pages\/133\/revisions"}],"predecessor-version":[{"id":403,"href":"https:\/\/gv-elhogar-anglet.alwaysdata.net\/index.php\/wp-json\/wp\/v2\/pages\/133\/revisions\/403"}],"wp:attachment":[{"href":"https:\/\/gv-elhogar-anglet.alwaysdata.net\/index.php\/wp-json\/wp\/v2\/media?parent=133"}],"curies":[{"name":"wp","href":"https:\/\/api.w.org\/{rel}","templated":true}]}}